{"id":119,"date":"2025-10-14T03:37:05","date_gmt":"2025-10-14T03:37:05","guid":{"rendered":"https:\/\/travelinks.vn\/new\/?page_id=119"},"modified":"2025-12-17T10:54:54","modified_gmt":"2025-12-17T03:54:54","slug":"tour-chau-my","status":"publish","type":"page","link":"https:\/\/travelinks.vn\/new\/tour-2026\/tour-chau-my\/","title":{"rendered":"Tour ch\u00e2u M\u1ef9"},"content":{"rendered":"\n<h1 class=\"gb-text gb-text-47ca7a01\">\ud83c\udf0e Tour Ch\u00e2u M\u1ef9 &#8211; H\u00e0nh Tr\u00ecnh Kh\u00e1m Ph\u00e1 T\u1eeb B\u1edd \u0110\u00f4ng \u0110\u1ebfn B\u1edd T\u00e2y Hoa K\u1ef3<\/h1>\n\n\n\n<p class=\"gb-text gb-text-99734eb9\"><strong>Tour Ch\u00e2u M\u1ef9<\/strong> l\u00e0 m\u1ed9t trong nh\u1eefng s\u1ea3n ph\u1ea9m n\u1ed5i b\u1eadt c\u1ee7a <strong>Travelink<\/strong>, \u0111\u01b0a du kh\u00e1ch kh\u00e1m ph\u00e1 v\u1ebb \u0111\u1eb9p \u0111a s\u1eafc c\u1ee7a <strong>Hoa K\u1ef3<\/strong> \u2013 t\u1eeb <strong>B\u1edd \u0110\u00f4ng s\u00f4i \u0111\u1ed9ng<\/strong> v\u1edbi <strong>New York, Washington D.C., Philadelphia<\/strong>, \u0111\u1ebfn <strong>B\u1edd T\u00e2y r\u1ef1c r\u1ee1<\/strong> v\u1edbi <strong>Los Angeles, San Francisco, Las Vegas<\/strong>.<br>M\u1ed7i h\u00e0nh tr\u00ecnh \u0111\u1ec1u mang d\u1ea5u \u1ea5n ri\u00eang, k\u1ebft h\u1ee3p tham quan, mua s\u1eafm, v\u00e0 tr\u1ea3i nghi\u1ec7m v\u0103n ho\u00e1 M\u1ef9 hi\u1ec7n \u0111\u1ea1i. Ngo\u00e0i ra, Travelink c\u00f2n m\u1edf r\u1ed9ng tour \u0111\u1ebfn <strong>M\u1ef9 Latin<\/strong> \u2013 n\u01a1i thi\u00ean nhi\u00ean h\u00f9ng v\u0129, con ng\u01b0\u1eddi n\u1ed3ng h\u1eadu v\u00e0 nh\u1eefng \u0111i\u1ec7u nh\u1ea1c r\u1ef1c l\u1eeda khi\u1ebfn du kh\u00e1ch kh\u00f4ng th\u1ec3 qu\u00ean.<\/p>\n\n\n        <div class=\"wp-block-travelink-tour-carousel\">\r\n            <div class=\"travelink-tour-carousel-wrapper\">\r\n                            <h3 class=\"carousel-title\">Tour Ch\u00e2u M\u1ef9<\/h3>\r\n                        \r\n            <div class=\"travelink-tour-carousel\" id=\"travelink-tour-carousel-6a0956526943d\">\r\n                <div class=\"carousel-container\">\r\n                    <div class=\"carousel-track\">\r\n                        <div class=\"carousel-slide\">\r\n                            <div class=\"tour-card\">\r\n                                <div class=\"tour-image\">\r\n                                    <div class=\"sample-image\" style=\"height: 200px; background: linear-gradient(45deg, #045594, #0066cc); display: flex; align-items: center; justify-content: center; color: white; font-weight: bold; border-radius: 8px;\">Tour Image 1<\/div>\r\n                                    <div class=\"tour-rating\">\r\n                                        <span class=\"rating-stars\">\r\n                                            <span class=\"star filled\">\u2605<\/span>\r\n                                            <span class=\"star filled\">\u2605<\/span>\r\n                                            <span class=\"star filled\">\u2605<\/span>\r\n                                            <span class=\"star filled\">\u2605<\/span>\r\n                                            <span class=\"star empty\">\u2605<\/span>\r\n                                        <\/span>\r\n                                        <span class=\"rating-number\">4.2<\/span>\r\n                                    <\/div>\r\n                                <\/div>\r\n                                <div class=\"tour-content\">\r\n                                    <h3 class=\"tour-title\">\r\n                                        <a href=\"#\">Paris Adventure Tour &#8211; Hover to see highlight effect!<\/a>\r\n                                    <\/h3>\r\n                                    <div class=\"tour-location\">\r\n                                        <span class=\"location-icon\">\ud83d\udccd<\/span>\r\n                                        Paris, France\r\n                                    <\/div>\r\n                                    <div class=\"tour-duration\">\r\n                                        <span class=\"duration-icon\">\ud83d\udd52<\/span>\r\n                                        5 days 4 nights\r\n                                    <\/div>\r\n                                    <div class=\"tour-price\">\r\n                                        <span class=\"price-label\">From<\/span>\r\n                                        <span class=\"price-amount\">$1,299<\/span>\r\n                                        <span class=\"price-unit\">per person<\/span>\r\n                                    <\/div>\r\n                                    <div class=\"tour-excerpt\">\r\n                                        Experience the magic of Paris with our comprehensive tour package&#8230;\r\n                                    <\/div>\r\n                                    <div class=\"tour-actions\">\r\n                                        <a href=\"#\" class=\"btn btn-primary\">View Details<\/a>\r\n                                    <\/div>\r\n                                <\/div>\r\n                            <\/div>\r\n                        <\/div>\r\n                        \r\n                        <div class=\"carousel-slide\">\r\n                            <div class=\"tour-card\">\r\n                                <div class=\"tour-image\">\r\n                                    <div class=\"sample-image\" style=\"height: 200px; background: linear-gradient(45deg, #045594, #0066cc); display: flex; align-items: center; justify-content: center; color: white; font-weight: bold; border-radius: 8px;\">Tour Image 2<\/div>\r\n                                    <div class=\"tour-rating\">\r\n                                        <span class=\"rating-stars\">\r\n                                            <span class=\"star filled\">\u2605<\/span>\r\n                                            <span class=\"star filled\">\u2605<\/span>\r\n                                            <span class=\"star filled\">\u2605<\/span>\r\n                                            <span class=\"star filled\">\u2605<\/span>\r\n                                            <span class=\"star filled\">\u2605<\/span>\r\n                                        <\/span>\r\n                                        <span class=\"rating-number\">5.0<\/span>\r\n                                    <\/div>\r\n                                <\/div>\r\n                                <div class=\"tour-content\">\r\n                                    <h3 class=\"tour-title\">\r\n                                        <a href=\"#\">Swiss Alps Experience &#8211; Bold title, no underline!<\/a>\r\n                                    <\/h3>\r\n                                    <div class=\"tour-location\">\r\n                                        <span class=\"location-icon\">\ud83d\udccd<\/span>\r\n                                        Lucerne, Switzerland\r\n                                    <\/div>\r\n                                    <div class=\"tour-duration\">\r\n                                        <span class=\"duration-icon\">\ud83d\udd52<\/span>\r\n                                        7 days 6 nights\r\n                                    <\/div>\r\n                                    <div class=\"tour-price\">\r\n                                        <span class=\"price-label\">From<\/span>\r\n                                        <span class=\"price-amount\">$1,899<\/span>\r\n                                        <span class=\"price-unit\">per person<\/span>\r\n                                    <\/div>\r\n                                    <div class=\"tour-excerpt\">\r\n                                        Discover the breathtaking beauty of the Swiss Alps&#8230;\r\n                                    <\/div>\r\n                                    <div class=\"tour-actions\">\r\n                                        <a href=\"#\" class=\"btn btn-primary\">View Details<\/a>\r\n                                    <\/div>\r\n                                <\/div>\r\n                            <\/div>\r\n                        <\/div>\r\n                    <\/div>\r\n                <\/div>\r\n                \r\n                <button class=\"carousel-nav carousel-prev\">\r\n                    <span class=\"nav-icon\">\u2039<\/span>\r\n                <\/button>\r\n                <button class=\"carousel-nav carousel-next\">\r\n                    <span class=\"nav-icon\">\u203a<\/span>\r\n                <\/button>\r\n                \r\n                <div class=\"carousel-dots\">\r\n                    <button class=\"carousel-dot active\"><\/button>\r\n                    <button class=\"carousel-dot\"><\/button>\r\n                <\/div>\r\n            <\/div>\r\n            \r\n            <script>\r\n            document.addEventListener('DOMContentLoaded', function() {\r\n                const carousel = document.getElementById('travelink-tour-carousel-6a0956526943d');\r\n                if (carousel && typeof TravelinkCarousel !== 'undefined') {\r\n                    new TravelinkCarousel(carousel);\r\n                }\r\n            });\r\n            <\/script>\r\n            <\/div>\r\n        <\/div>\r\n        \n\n\n<h2 class=\"gb-text gb-text-e3d8e51d\">\u0110\u1ecba \u0111i\u1ec3m n\u1ed5i b\u1eadt<\/h2>\n\n\n\n<div class=\"gb-element-01497763\">\n<div>\n<img decoding=\"async\" class=\"gb-media-2eb25552\" alt=\"\" title=\"new_york\" src=\"https:\/\/drive.google.com\/thumbnail?id=1v971P38P39KZ8aXr-Yj4-cBTejM31oD6&#038;sz=w2048\"\/>\n<\/div>\n\n\n\n<div>\n<div>\n<h3 class=\"gb-text gb-text-05ab6654\">New York \u2013 Th\u00e0nh Ph\u1ed1 Kh\u00f4ng Ng\u1ee7<\/h3>\n\n\n\n<p class=\"gb-text gb-text-9b0cf878\"><strong>New York<\/strong> \u2013 bi\u1ec3u t\u01b0\u1ee3ng c\u1ee7a n\u01b0\u1edbc M\u1ef9 hi\u1ec7n \u0111\u1ea1i, n\u01a1i m\u1ecdi gi\u1ea5c m\u01a1 \u0111\u1ec1u b\u1eaft \u0111\u1ea7u. C\u00f9ng <strong>Travelink<\/strong>, du kh\u00e1ch s\u1ebd \u0111\u01b0\u1ee3c chi\u00eam ng\u01b0\u1ee1ng <strong>T\u01b0\u1ee3ng N\u1eef th\u1ea7n T\u1ef1 do<\/strong>, d\u1ea1o b\u01b0\u1edbc gi\u1eefa <strong>Qu\u1ea3ng tr\u01b0\u1eddng Th\u1eddi \u0110\u1ea1i<\/strong> r\u1ef1c r\u1ee1 \u00e1nh \u0111\u00e8n, v\u00e0 th\u01b0\u1edfng ngo\u1ea1n kh\u00f4ng gian ngh\u1ec7 thu\u1eadt t\u1ea1i <strong>Central Park<\/strong> hay <strong>Fifth Avenue<\/strong> s\u1ea7m u\u1ea5t. Th\u00e0nh ph\u1ed1 h\u1ed9i t\u1ee5 tinh hoa v\u0103n h\u00f3a, th\u1eddi trang v\u00e0 \u1ea9m th\u1ef1c to\u00e0n c\u1ea7u, mang \u0111\u1ebfn cho b\u1ea1n c\u1ea3m gi\u00e1c ph\u1ea5n kh\u00edch v\u00e0 n\u0103ng \u0111\u1ed9ng b\u1eadc nh\u1ea5t \u2013 \u0111\u00fang v\u1edbi t\u00ean g\u1ecdi \u201cThe City That Never Sleeps\u201d.<\/p>\n<\/div>\n<\/div>\n<\/div>\n\n\n\n<div style=\"height:100px\" aria-hidden=\"true\" class=\"wp-block-spacer\"><\/div>\n\n\n\n<div class=\"gb-element-f52cb968\">\n<div>\n<div>\n<h3 class=\"gb-text gb-text-b137749a\">Washington D.C. \u2013 Tr\u00e1i Tim Ch\u00ednh Tr\u1ecb C\u1ee7a Hoa K\u1ef3<\/h3>\n\n\n\n<p class=\"gb-text gb-text-8d74724a\">L\u00e0 th\u1ee7 \u0111\u00f4 quy\u1ec1n l\u1ef1c c\u1ee7a n\u01b0\u1edbc M\u1ef9, <strong>Washington D.C.<\/strong> ghi d\u1ea5u \u1ea5n v\u1edbi v\u1ebb trang nghi\u00eam, c\u1ed5 k\u00ednh v\u00e0 \u0111\u1eadm ch\u1ea5t l\u1ecbch s\u1eed. Khi \u0111\u1ed3ng h\u00e0nh c\u00f9ng <strong>Travelink<\/strong>, du kh\u00e1ch s\u1ebd \u0111\u01b0\u1ee3c tham quan <strong>Nh\u00e0 Tr\u1eafng<\/strong>, <strong>\u0110i\u1ec7n Capitol<\/strong>, <strong>\u0110\u00e0i t\u01b0\u1edfng ni\u1ec7m Lincoln<\/strong>, v\u00e0 <strong>B\u1ea3o t\u00e0ng Smithsonian<\/strong> \u2013 kho t\u00e0ng v\u0103n h\u00f3a l\u1edbn nh\u1ea5t th\u1ebf gi\u1edbi. Gi\u1eefa kh\u00f4ng gian xanh v\u00e0 ki\u1ebfn tr\u00fac t\u00e2n c\u1ed5 \u0111i\u1ec3n, Washington mang \u0111\u1ebfn c\u1ea3m gi\u00e1c y\u00ean b\u00ecnh nh\u01b0ng v\u1eabn to\u00e1t l\u00ean tinh th\u1ea7n t\u1ef1 do, bi\u1ec3u t\u01b0\u1ee3ng cho gi\u1ea5c m\u01a1 v\u00e0 ni\u1ec1m t\u1ef1 h\u00e0o n\u01b0\u1edbc M\u1ef9.<\/p>\n<\/div>\n<\/div>\n\n\n\n<div>\n<img decoding=\"async\" class=\"gb-media-bdc6ba1a\" alt=\"\" title=\"Washington\" src=\"https:\/\/drive.google.com\/thumbnail?id=1jYJCilqG6dXw1EMVCyM3ZOXhY6HgVx6e&#038;sz=w2048\"\/>\n<\/div>\n<\/div>\n\n\n\n<div style=\"height:100px\" aria-hidden=\"true\" class=\"wp-block-spacer\"><\/div>\n\n\n\n<div class=\"gb-element-2a8c17df\">\n<div>\n<img decoding=\"async\" class=\"gb-media-a246d70c\" alt=\"\" title=\"Vegas\" src=\"https:\/\/drive.google.com\/thumbnail?id=14kXXF2MbFUM-GQ1svgkkZAGBwqUvsYI2&#038;sz=w2048\"\/>\n<\/div>\n\n\n\n<div>\n<div>\n<h3 class=\"gb-text gb-text-2e2c1750\">Las Vegas \u2013 Thi\u00ean \u0110\u01b0\u1eddng Gi\u1ea3i Tr\u00ed Gi\u1eefa Sa M\u1ea1c<\/h3>\n\n\n\n<p class=\"gb-text gb-text-eda1cf3c\"><strong>Las Vegas<\/strong>, th\u00e0nh ph\u1ed1 r\u1ef1c r\u1ee1 gi\u1eefa sa m\u1ea1c Nevada, l\u00e0 \u0111i\u1ec3m d\u1eebng kh\u00f4ng th\u1ec3 thi\u1ebfu trong h\u00e0nh tr\u00ecnh <strong>B\u1edd T\u00e2y Hoa K\u1ef3<\/strong>. C\u00f9ng <strong>Travelink<\/strong>, b\u1ea1n s\u1ebd \u0111\u01b0\u1ee3c chi\u00eam ng\u01b0\u1ee1ng nh\u1eefng <strong>kh\u00e1ch s\u1ea1n sang tr\u1ecdng<\/strong>, <strong>casino ho\u00e0nh tr\u00e1ng<\/strong>, v\u00e0 c\u00e1c <strong>show di\u1ec5n \u0111\u1eb3ng c\u1ea5p qu\u1ed1c t\u1ebf<\/strong>. Khi \u0111\u00eam xu\u1ed1ng, Las Vegas b\u1eebng s\u00e1ng v\u1edbi h\u00e0ng ng\u00e0n \u00e1nh \u0111\u00e8n, \u00e2m nh\u1ea1c v\u00e0 s\u1eafc m\u00e0u \u2013 n\u01a1i m\u1ecdi gi\u1edbi h\u1ea1n \u0111\u01b0\u1ee3c xo\u00e1 nho\u00e0 trong ni\u1ec1m vui b\u1ea5t t\u1eadn. M\u1ed9t \u0111i\u1ec3m \u0111\u1ebfn ho\u00e0n h\u1ea3o \u0111\u1ec3 t\u1eadn h\u01b0\u1edfng, th\u01b0 gi\u00e3n v\u00e0 c\u1ea3m nh\u1eadn n\u0103ng l\u01b0\u1ee3ng s\u00f4i \u0111\u1ed9ng c\u1ee7a n\u01b0\u1edbc M\u1ef9 hi\u1ec7n \u0111\u1ea1i.<\/p>\n<\/div>\n<\/div>\n<\/div>\n\n\n\n<div>\n<div style=\"height:100px\" aria-hidden=\"true\" class=\"wp-block-spacer\"><\/div>\n\n\n\n<h2 class=\"gb-text gb-text-c27608f0\">Kh\u00e1m ph\u00e1 th\u00eam c\u00e1c d\u1ea5u \u1ea5n kh\u00e1c c\u1ee7a ch\u00e2u \u00c2u?<\/h2>\n\n\n\n<h3 class=\"gb-text gb-text-0f37e905\">V\u00e0o c\u1ea9m nang du l\u1ecbch \u0111\u1ec3 t\u00ecm hi\u1ec3u th\u00eam!<\/h3>\n<\/div>\n","protected":false},"excerpt":{"rendered":"<p>\ud83c\udf0e Tour Ch\u00e2u M\u1ef9 &#8211; H\u00e0nh Tr\u00ecnh Kh\u00e1m Ph\u00e1 T\u1eeb B\u1edd \u0110\u00f4ng \u0110\u1ebfn B\u1edd T\u00e2y Hoa K\u1ef3 Tour Ch\u00e2u M\u1ef9 l\u00e0 m\u1ed9t trong nh\u1eefng s\u1ea3n ph\u1ea9m n\u1ed5i b\u1eadt c\u1ee7a Travelink, \u0111\u01b0a du kh\u00e1ch kh\u00e1m ph\u00e1 v\u1ebb \u0111\u1eb9p \u0111a s\u1eafc c\u1ee7a Hoa K\u1ef3 \u2013 t\u1eeb B\u1edd \u0110\u00f4ng s\u00f4i \u0111\u1ed9ng v\u1edbi New York, Washington D.C., Philadelphia, \u0111\u1ebfn &#8230; <a title=\"Tour ch\u00e2u M\u1ef9\" class=\"read-more\" href=\"https:\/\/travelinks.vn\/new\/tour-2026\/tour-chau-my\/\" aria-label=\"Read more about Tour ch\u00e2u M\u1ef9\">Read more<\/a><\/p>\n","protected":false},"author":1,"featured_media":0,"parent":855,"menu_order":0,"comment_status":"closed","ping_status":"closed","template":"","meta":{"apbe_headline":"","apbe_seo_keywords":"","apbe_slug":"","apbe_summary":"","apbe_social":"","footnotes":""},"class_list":["post-119","page","type-page","status-publish"],"_links":{"self":[{"href":"https:\/\/travelinks.vn\/new\/wp-json\/wp\/v2\/pages\/119","targetHints":{"allow":["GET"]}}],"collection":[{"href":"https:\/\/travelinks.vn\/new\/wp-json\/wp\/v2\/pages"}],"about":[{"href":"https:\/\/travelinks.vn\/new\/wp-json\/wp\/v2\/types\/page"}],"author":[{"embeddable":true,"href":"https:\/\/travelinks.vn\/new\/wp-json\/wp\/v2\/users\/1"}],"replies":[{"embeddable":true,"href":"https:\/\/travelinks.vn\/new\/wp-json\/wp\/v2\/comments?post=119"}],"version-history":[{"count":4,"href":"https:\/\/travelinks.vn\/new\/wp-json\/wp\/v2\/pages\/119\/revisions"}],"predecessor-version":[{"id":882,"href":"https:\/\/travelinks.vn\/new\/wp-json\/wp\/v2\/pages\/119\/revisions\/882"}],"up":[{"embeddable":true,"href":"https:\/\/travelinks.vn\/new\/wp-json\/wp\/v2\/pages\/855"}],"wp:attachment":[{"href":"https:\/\/travelinks.vn\/new\/wp-json\/wp\/v2\/media?parent=119"}],"curies":[{"name":"wp","href":"https:\/\/api.w.org\/{rel}","templated":true}]}}