{"id":163,"date":"2025-10-16T04:40:20","date_gmt":"2025-10-16T04:40:20","guid":{"rendered":"https:\/\/travelinks.vn\/new\/?page_id=163"},"modified":"2025-10-16T09:45:39","modified_gmt":"2025-10-16T09:45:39","slug":"villa-de-montana-ba-vi","status":"publish","type":"page","link":"https:\/\/travelinks.vn\/new\/nghi-duong-tai-ha-noi\/villa-de-montana-ba-vi\/","title":{"rendered":"Villa de montana Ba V\u00ec"},"content":{"rendered":"\n<div class=\"gb-element-5f63731b\">\n<h1 class=\"gb-text\">Homestay Ba V\u00ec Tuy\u1ec7t \u0110\u1eb9p!<\/h1>\n\n\n\n<h5 class=\"gb-text\">\u0110\u1ebfn Ba V\u00ec, l\u1ef1a ch\u1ecdn Villa de Montana \u0111\u1ec3 chuy\u1ebfn \u0111i th\u00eam tr\u1ecdn v\u1eb9n b\u1ea1n&nbsp;nh\u00e9!<\/h5>\n<\/div>\n\n\n\n<div class=\"gb-element-e1a51f50\">\n<div class=\"gb-element-2f448115\">\n<div class=\"gb-element-ff3779c0\">\n<figure class=\"wp-block-image size-large is-resized\"><img decoding=\"async\" src=\"https:\/\/drive.google.com\/thumbnail?id=1961ySB7pcdkFdIif9Rp_j_PtY8QrMyJQ&amp;sz=w1024-h1024\" alt=\"\" class=\"wp-image-21735\" style=\"width:481px;height:auto\"\/><\/figure>\n<\/div>\n\n\n\n<div class=\"gb-element-604faf24\">\n<figure class=\"wp-block-image size-large is-resized\"><img decoding=\"async\" src=\"https:\/\/drive.google.com\/thumbnail?id=1kLVqs79uLXPcplxeZFkf8BFNRVjKo4fO&amp;sz=w1024-h1024\" alt=\"\" class=\"wp-image-21709\" style=\"width:379px;height:auto\"\/><\/figure>\n<\/div>\n\n\n\n<div class=\"gb-element-70db81a8\">\n<figure class=\"wp-block-image size-large is-resized is-style-default\"><img decoding=\"async\" src=\"https:\/\/drive.google.com\/thumbnail?id=1zbZyF1wYZUEzfgw3KHALjRnJNE6jt_Fz&amp;sz=w1024-h1024\" alt=\"\" class=\"wp-image-21756\" style=\"width:254px;height:auto\"\/><\/figure>\n<\/div>\n\n\n\n<div>\n<figure class=\"wp-block-image size-large is-resized\"><img decoding=\"async\" src=\"https:\/\/drive.google.com\/thumbnail?id=1-qfFa8l4a6ZndQ6vkmumC5_s2Bjb0uqe&amp;sz=w1024-h1024\" alt=\"\" class=\"wp-image-21791\" style=\"width:204px;height:auto\"\/><\/figure>\n<\/div>\n<\/div>\n\n\n\n<div>\n<h2 class=\"gb-text gb-text-cc9272c7\">V\u1ec0 MONTANA<\/h2>\n\n\n\n<p class=\"gb-text gb-text-6d3dce3e\">Villa de Montana n\u1eb1m t\u1ea1i&nbsp;Th\u00f4n B\u00e0i, x\u00e3 Y\u00ean B\u00e0i, huy\u1ec7n Ba V\u00ec, \u0111\u01b0\u1ee3c x\u00e2y d\u1ef1ng theo l\u1ed1i ki\u1ebfn tr\u00fac m\u1edf, \u0111em c\u1ea3 thi\u00ean nhi\u00ean Ba V\u00ec trong l\u00e0nh v\u00e0o t\u1eebng c\u0103n ph\u00f2ng.<br>Montana bao g\u1ed3m 5 c\u0103n: 2 villa v\u00e0 3 nh\u00e0 nh\u1ecf, ph\u00f9 h\u1ee3p ph\u1ee5c v\u1ee5 cho c\u1ea3 c\u00e1c \u0111o\u00e0n l\u1edbn v\u00e0 nh\u1ecf c\u00f9ng v\u1edbi c\u00e1c d\u1ecbch v\u1ee5 vui ch\u01a1i, \u0103n u\u1ed1ng \u0111a d\u1ea1ng!&nbsp;<br>\u0110\u1ebfn Ba V\u00ec, l\u1ef1a ch\u1ecdn Villa de Montana \u0111\u1ec3 chuy\u1ebfn \u0111i th\u00eam tr\u1ecdn v\u1eb9n b\u1ea1n nh\u00e9!.<\/p>\n\n\n\n<div class=\"gb-element-0de1e771\">\n<a class=\"gb-text-e39acf0e\" href=\"https:\/\/www.facebook.com\/VilladeMontanaBV\" target=\"_blank\" rel=\"noopener\"><span class=\"gb-shape\"><svg aria-hidden=\"true\" role=\"img\" height=\"1em\" width=\"1em\" viewBox=\"0 0 512 512\" xmlns=\"http:\/\/www.w3.org\/2000\/svg\"><path fill=\"currentColor\" d=\"M504 256C504 119 393 8 256 8S8 119 8 256c0 123.78 90.69 226.38 209.25 245V327.69h-63V256h63v-54.64c0-62.15 37-96.48 93.67-96.48 27.14 0 55.52 4.84 55.52 4.84v61h-31.28c-30.8 0-40.41 19.12-40.41 38.73V256h68.78l-11 71.69h-57.78V501C413.31 482.38 504 379.78 504 256z\"><\/path><\/svg><\/span><span class=\"gb-text\">Kh\u00e1m Ph\u00e1 Ngay!<\/span><\/a>\n<\/div>\n<\/div>\n<\/div>\n\n\n\n<div>\n<h2 class=\"gb-text gb-text-f32b06e1\">C\u00c1C C\u0102N T\u1ea0I MONTANA<\/h2>\n\n\n\n<p class=\"gb-text gb-text-613c7ed1\">VILLA DE MONTANA BAO G\u1ed2M 2 VILLA V\u00c0 3 NH\u00c0 NH\u1ece<br>( B\u1ea1n \u1ea5n v\u00e0o t\u1eebng c\u0103n \u0111\u1ec3 xem th\u00eam chi ti\u1ebft nh\u00e9)<\/p>\n\n\n\n<div class=\"gb-element-482dbdd6\">\n<div>\n<a href=\"https:\/\/travelinks.vn\/new\/nghi-duong-tai-ha-noi\/villa-de-montana-ba-vi\/villa-flamenco-va-tango\" rel=\"sponsored\"><img decoding=\"async\" class=\"gb-media-3667bc17\" alt=\"\" src=\"https:\/\/drive.google.com\/thumbnail?id=1961ySB7pcdkFdIif9Rp_j_PtY8QrMyJQ&#038;sz=w2048\" title=\"DSC_8255\"\/><\/a>\n\n\n\n<h4 class=\"gb-text gb-text-1e9084c1\"><a href=\"https:\/\/travelinks.vn\/new\/nghi-duong-tai-ha-noi\/villa-de-montana-ba-vi\/villa-flamenco-va-tango\" data-type=\"link\" data-id=\"https:\/\/travelinks.vn\/montana-villa-flamenco-va-tango\/\">Villa Tango &amp; Flamenco<\/a><\/h4>\n<\/div>\n\n\n\n<div>\n<a href=\"https:\/\/travelinks.vn\/new\/nghi-duong-tai-ha-noi\/villa-de-montana-ba-vi\/nha-nho-colina\"><img decoding=\"async\" class=\"gb-media-dcb1f981\" alt=\"\" src=\"https:\/\/drive.google.com\/thumbnail?id=1kLVqs79uLXPcplxeZFkf8BFNRVjKo4fO&#038;sz=w2048\" title=\"DSC_7957\"\/><\/a>\n\n\n\n<h4 class=\"gb-text gb-text-5c665362\"><a href=\"https:\/\/travelinks.vn\/new\/nghi-duong-tai-ha-noi\/villa-de-montana-ba-vi\/nha-nho-colina\" target=\"_blank\" rel=\"noreferrer noopener\">Nh\u00e0 Nh\u1ecf Colina<\/a><\/h4>\n<\/div>\n\n\n\n<div>\n<a href=\"https:\/\/travelinks.vn\/new\/nghi-duong-tai-ha-noi\/villa-de-montana-ba-vi\/nha-nho-flora\"><img decoding=\"async\" class=\"gb-media-31bb93d6\" alt=\"\" src=\"https:\/\/drive.google.com\/thumbnail?id=15X3jNwm701oFG4dGxJ25aM0_Sl1K06Lf&#038;sz=w2048\" title=\"DJI_0999\"\/><\/a>\n\n\n\n<h4 class=\"gb-text gb-text-159e1acd\"><a href=\"https:\/\/travelinks.vn\/new\/nghi-duong-tai-ha-noi\/villa-de-montana-ba-vi\/nha-nho-flora\" data-type=\"link\" data-id=\"https:\/\/travelinks.vn\/nha-nho-flora\/\" target=\"_blank\" rel=\"noreferrer noopener\">Nh\u00e0 Nh\u1ecf Flora<\/a><\/h4>\n<\/div>\n\n\n\n<div class=\"gb-element-1e086a4c\">\n<a href=\"https:\/\/travelinks.vn\/new\/nghi-duong-tai-ha-noi\/villa-de-montana-ba-vi\/nha-nho-lagoon\"><img decoding=\"async\" class=\"gb-media-773c6097\" alt=\"\" src=\"https:\/\/drive.google.com\/thumbnail?id=1zbZyF1wYZUEzfgw3KHALjRnJNE6jt_Fz&#038;sz=w2048\" title=\"DSC_4334\"\/><\/a>\n\n\n\n<h4 class=\"gb-text gb-text-fd71dc6b\"><a href=\"https:\/\/travelinks.vn\/new\/nghi-duong-tai-ha-noi\/villa-de-montana-ba-vi\/nha-nho-lagoon\" data-type=\"link\" data-id=\"https:\/\/travelinks.vn\/nha-nho-flora\/\" target=\"_blank\" rel=\"noreferrer noopener\">Nh\u00e0 Nh\u1ecf Lagoon<\/a><\/h4>\n<\/div>\n<\/div>\n<\/div>\n\n\n\n<div style=\"height:100px\" aria-hidden=\"true\" class=\"wp-block-spacer\"><\/div>\n\n\n\n<div>\n<h2 class=\"gb-text gb-text-56136926\">C\u00c1C D\u1ecaCH V\u1ee4<\/h2>\n\n\n\n<div class=\"gb-element-0028349e\">\n<div>\n<span class=\"gb-shape gb-shape-ea07563b\"><svg viewBox=\"0 0 2110 1428\" xmlns=\"http:\/\/www.w3.org\/2000\/svg\" data-name=\"Layer 1\" id=\"Layer_1\">\n  <defs>\n    <style>\n      .cls-1 {\n        fill: none;\n        stroke: #231f20;\n        stroke-miterlimit: 10;\n        stroke-width: 85.04px;\n      }\n    <\/style>\n  <\/defs>\n  <circle r=\"623.62\" cy=\"746.67\" cx=\"1065.75\" class=\"cls-1\"><\/circle>\n  <circle r=\"297.64\" cy=\"746.67\" cx=\"1065.75\" class=\"cls-1\"><\/circle>\n  <path d=\"m1986.5,140.65l.35,1171c.34,2.23,4.18,30.35-15.99,48-12.9,11.29-28.29,11.89-33,12.01-4.86.12-20.63-.14-33-9.99-16.38-13.04-18.33-36.15-19.01-46.99-2.61-41.21-5.56-196.66-6.12-408,0,0-50.02-68.99-52.05-156.98-2.03-88-.15-488-.15-488,0,0,26.96-135.01,158.96-121.05Z\" class=\"cls-1\"><\/path>\n  <path d=\"m166,618.98c1.83,233.17,3.67,466.33,5.5,699.5,0,0-4,40,42,54s60-54,60-54l2-699c17.32-27.19,39.91-69.38,52.5-124.5,2.51-10.99,3.76-21.92,3.76-21.92,3.4-25.08,2.91-44.27,2.74-51.58,0-.15-.17-31.27-.5-93.5-.35-66.2,3.06-80.54-.5-128.5-3.2-43.1-7.22-55.08-8-55-2.94.29,35.94,171.1-23,204-2.38,1.33-16.32,8.8-31,4-59.73-19.53-43.95-213.43-48.5-213.5-3.07-.05-8,98-8,98-2.69,53.47-3.81,89.27-28.5,107.5-6.15,4.54-12.17,6.82-16,8-7.78.17-18.72-.82-29-7-59-35.49-22.52-197.85-24-198-.52-.05-5.73,19.71-12,110-7.16,103.2-4.82,141.73-3,163,2.73,31.9,7.11,57.99,10.5,75.5,3.69,14.2,8.42,29.47,14.5,45.5,11.64,30.67,25.38,56.51,38.5,77.5Z\" class=\"cls-1\"><\/path>\n<\/svg><\/span>\n\n\n\n<h5 class=\"gb-text\"><strong>\u0110\u1ed2 \u0102N<\/strong><\/h5>\n\n\n\n<p class=\"gb-text\">Buffet l\u1ea9u n\u01b0\u1edbng, M\u00f3n \u0103n \u0111\u1eb7c s\u1ea3n c\u00f9ng d\u1ecbch v\u1ee5 d\u1ecdn r\u1eeda t\u1eadn ph\u00f2ng.<\/p>\n<\/div>\n\n\n\n<div>\n<span class=\"gb-shape gb-shape-fd4c7899\"><svg viewBox=\"0 0 16 16\" class=\"s-icon s-icon-sport-soccer\" fill=\"currentColor\" height=\"16\" width=\"16\" xmlns=\"http:\/\/www.w3.org\/2000\/svg\">\n  <path d=\"M14 8c0 3.333-2.667 6-6 6s-6-2.667-6-6 2.667-6 6-6 6 2.667 6 6Zm-1.133 0-.6.533-1.6-1.4.4-2.066.8.066a5.187 5.187 0 0 0-2.467-1.8l.333.8L8 5.2 6.2 4.133l.333-.8c-1 .4-1.866 1-2.466 1.8l.866-.066.4 2.066-1.533 1.4L3.133 8c0 1.067.334 2 .934 2.867l.2-.8 2.066.266L7.2 12.2l-.733.4c1 .333 2.066.333 3 0l-.734-.4.867-1.867 2.067-.266.2.8c.666-.867 1-1.8 1-2.867Zm-6 1.667-.734-2.2L8 6.133l1.867 1.4-.734 2.2H6.867v-.066Z\" fill-rule=\"evenodd\"><\/path>\n<\/svg><\/span>\n\n\n\n<h5 class=\"gb-text\"><strong>VUI CH\u01a0I<\/strong><\/h5>\n\n\n\n<p class=\"gb-text\">Khu vui ch\u01a1i: tr\u1ebb em, bi-a, bi &#8211; l\u1eafc, loa k\u00e9o<\/p>\n<\/div>\n\n\n\n<div>\n<span class=\"gb-shape gb-shape-571b7695\"><svg xmlns=\"http:\/\/www.w3.org\/2000\/svg\" viewBox=\"0 0 24 24\" height=\"800px\" width=\"800px\"><path d=\"M6.45 17.216l7.981-3.845 2.98-7.115-7.116 2.98zm6.741-4.358l-4.599 2.216 2.216-4.6zM12 1.2A10.8 10.8 0 1 0 22.8 12 10.812 10.812 0 0 0 12 1.2zm0 20.6a9.8 9.8 0 1 1 9.8-9.8 9.81 9.81 0 0 1-9.8 9.8z\"><\/path><path d=\"M0 0h24v24H0z\" fill=\"none\"><\/path><\/svg><\/span>\n\n\n\n<h5 class=\"gb-text\"><strong>KH\u00c1M PH\u00c1<\/strong><\/h5>\n\n\n\n<p class=\"gb-text\">Ch\u00e8o thuy\u1ec1n kayak, c\u00e2u c\u00e1 tr\u00ean h\u1ed3, kh\u00e1m ph\u00e1 r\u1eebng th\u00f4ng, &#8230;<\/p>\n<\/div>\n\n\n\n<div>\n<span class=\"gb-shape gb-shape-e3f4e8f4\"><svg xml:space=\"preserve\" viewBox=\"0 0 512 512\" xmlns:xlink=\"http:\/\/www.w3.org\/1999\/xlink\" xmlns=\"http:\/\/www.w3.org\/2000\/svg\" id=\"_x32_\" version=\"1.1\" width=\"800px\" height=\"800px\">\n<style type=\"text\/css\">\n\t.st0{fill:#000000;}\n<\/style>\n<g>\n\t<path d=\"M256.495,96.434c26.632,0,48.213-21.597,48.213-48.205C304.708,21.58,283.128,0,256.495,0\n\t\tc-26.65,0-48.222,21.58-48.222,48.229C208.274,74.837,229.846,96.434,256.495,96.434z\" class=\"st0\"><\/path>\n\t<path d=\"M298.267,119.279h-42.271h-42.271c-23.362,0-48.779,25.418-48.779,48.788v162.058\n\t\tc0,11.685,9.463,21.156,21.148,21.156c5.743,0,0,0,14.756,0l8.048,138.206c0,12.434,10.078,22.513,22.513,22.513\n\t\tc5.244,0,14.923,0,24.585,0c9.671,0,19.35,0,24.593,0c12.434,0,22.513-10.078,22.513-22.513l8.04-138.206\n\t\tc14.764,0,9.013,0,14.764,0c11.676,0,21.148-9.471,21.148-21.156V168.067C347.054,144.697,321.636,119.279,298.267,119.279z\" class=\"st0\"><\/path>\n\t<path d=\"M104.141,149.083c23.262,0,42.105-18.85,42.105-42.104c0-23.262-18.843-42.112-42.105-42.112\n\t\tc-23.27,0-42.104,18.851-42.104,42.112C62.037,130.232,80.871,149.083,104.141,149.083z\" class=\"st0\"><\/path>\n\t<path d=\"M408.716,149.083c23.27,0,42.104-18.85,42.104-42.104c0-23.262-18.834-42.112-42.104-42.112\n\t\tc-23.253,0-42.104,18.851-42.104,42.112C366.612,130.232,385.463,149.083,408.716,149.083z\" class=\"st0\"><\/path>\n\t<path d=\"M137.257,169.024h-33.548h-36.92c-20.398,0-42.595,22.213-42.595,42.612v141.526\n\t\tc0,10.212,8.264,18.476,18.468,18.476c5.018,0,0,0,12.884,0l7.024,120.704c0,10.852,8.805,19.658,19.666,19.658\n\t\tc4.577,0,13.024,0,21.473,0c8.439,0,16.895,0,21.472,0c10.861,0,19.666-8.805,19.666-19.658l7.016-120.704v-6.849\n\t\tc-8.98-8.856-14.606-21.082-14.606-34.664V169.024z\" class=\"st0\"><\/path>\n\t<path d=\"M445.211,169.024h-36.928h-33.54v161.101c0,13.582-5.626,25.808-14.615,34.664v6.849l7.017,120.704\n\t\tc0,10.852,8.814,19.658,19.674,19.658c4.578,0,13.025,0,21.464,0c8.456,0,16.904,0,21.481,0c10.862,0,19.659-8.805,19.659-19.658\n\t\tl7.032-120.704c12.883,0,7.865,0,12.883,0c10.204,0,18.468-8.265,18.468-18.476V211.636\n\t\tC487.806,191.237,465.61,169.024,445.211,169.024z\" class=\"st0\"><\/path>\n<\/g>\n<\/svg><\/span>\n\n\n\n<h5 class=\"gb-text\"><strong>TEAMBUIDING<\/strong><\/h5>\n\n\n\n<p class=\"gb-text\">L\u1eeda tr\u1ea1i, s\u00e2n, d\u1ee5ng c\u1ee5 teambuilding, ph\u00f4ng b\u1ea1t, \u2026.<\/p>\n<\/div>\n<\/div>\n<\/div>\n\n\n\n<div style=\"height:100px\" aria-hidden=\"true\" class=\"wp-block-spacer\"><\/div>\n\n\n\n<div>\n<h2 class=\"gb-text gb-text-1dec9eb8\">Ch\u00ednh s\u00e1ch \u0111\u1eb7t ph\u00f2ng<\/h2>\n\n\n\n<div class=\"gb-tabs gb-tabs-018d6b79\" data-opened-tab=\"1\">\n<div class=\"gb-tabs__menu gb-tabs__menu-63eea545\" role=\"list\">\n<div tabindex=\"0\" class=\"gb-tabs__menu-item gb-tabs__menu-item-f00d3481 gb-block-is-current\" role=\"tab\" id=\"gb-tab-menu-item-f00d3481\">\n<span class=\"gb-text\">Ch\u00ednh s\u00e1ch gi\u00e1<\/span>\n<\/div>\n\n\n\n<div tabindex=\"0\" class=\"gb-tabs__menu-item gb-tabs__menu-item-0216bc00\" role=\"tab\" id=\"gb-tab-menu-item-0216bc00\">\n<span class=\"gb-text\">Chinh s\u00e1ch ho\u00e0n h\u1ee7y<\/span>\n<\/div>\n\n\n\n<div tabindex=\"0\" class=\"gb-tabs__menu-item gb-tabs__menu-item-bb362ff9\" role=\"tab\" id=\"gb-tab-menu-item-bb362ff9\">\n<span class=\"gb-text\">N\u1ed9i quy l\u01b0u tr\u00fa<\/span>\n<\/div>\n<\/div>\n\n\n\n<div class=\"gb-tabs__items gb-tabs__items-873c7391\" role=\"tabpanel\">\n<div class=\"gb-tabs__item gb-tabs__item-403f7ba8 gb-tabs__item-open\" id=\"gb-tab-item-403f7ba8\">\n<p>\u2013 Gi\u00e1 c\u00f4ng b\u1ed1 tr\u00ean \u00e1p d\u1ee5ng cho s\u1ed1 ng\u01b0\u1eddi ti\u00eau chu\u1ea9n, t\u1eeb ng\u01b0\u1eddi h\u01a1n s\u1ed1 ng\u01b0\u1eddi ti\u00eau chu\u1ea9n: ph\u1ee5 thu 200k\/ng\u01b0\u1eddi<\/p>\n\n\n\n<p>\u2013 S\u1ed1 ng\u01b0\u1eddi t\u1ed1i \u0111a\/ c\u0103n l\u00e0 s\u1ed1 ng\u01b0\u1eddi t\u00ednh c\u1ea3 ng\u01b0\u1eddi l\u1edbn v\u00e0 tr\u1ebb em<\/p>\n\n\n\n<p>\u2013 Ph\u1ee5 thu tr\u1ebb em nh\u01b0 sau:<\/p>\n\n\n\n<p>+ \u0110\u1ed1i v\u1edbi 2 c\u0103n villa Flamenco v\u00e0 Tango: Free t\u1ed1i \u0111a 5 b\u00e9 cao d\u01b0\u1edbi 1m3, t\u1eeb b\u00e9 th\u1ee9 6 t\u00ednh ph\u1ee5 thu nh\u01b0 th\u01b0\u1eddng, \u0111\u1ed1i v\u1edbi c\u00e1c b\u00e9 cao tr\u00ean 1m3 t\u00ednh ph\u1ee5 thu nh\u01b0 ng\u01b0\u1eddi l\u1edbn.<\/p>\n\n\n\n<p>+ \u0110\u1ed1i v\u1edbi 3 c\u0103n nh\u1ecf: Free t\u1ed1i \u0111a 3 b\u00e9 cao d\u01b0\u1edbi 1m3, t\u1eeb b\u00e9 th\u1ee9 6 t\u00ednh ph\u1ee5 thu nh\u01b0 th\u01b0\u1eddng, \u0111\u1ed1i v\u1edbi c\u00e1c b\u00e9 cao tr\u00ean 1m3 t\u00ednh ph\u1ee5 thu nh\u01b0 ng\u01b0\u1eddi l\u1edbn.<\/p>\n<\/div>\n\n\n\n<div class=\"gb-tabs__item gb-tabs__item-5d736222\" id=\"gb-tab-item-5d736222\">\n<p>Villa de Montana kh\u00f4ng ho\u00e0n l\u1ea1i ti\u1ec1n c\u1ecdc khi qu\u00fd kh\u00e1ch h\u1ee7y \u0111\u1eb7t ph\u00f2ng coi nh\u01b0 chi ph\u00ed b\u1ed3i<br>th\u01b0\u1eddng cho vi\u1ec7c \u0111\u00e3 t\u1eeb ch\u1ed1i c\u00e1c kh\u00e1ch kh\u00e1c \u0111\u1ec3 gi\u1eef ph\u00f2ng cho qu\u00fd kh\u00e1ch.<br>\u2013 Vi\u1ec7c \u0111\u1ed5i ng\u00e0y \u0111\u1eb7t ph\u00f2ng v\u00e0 chuy\u1ec3n to\u00e0n b\u1ed9 ti\u1ec1n c\u1ecdc sang ng\u00e0y m\u1edbi ch\u1ec9 \u0111\u01b0\u1ee3c ch\u1ea5p nh\u1eadn khi qu\u00fd<br>kh\u00e1ch th\u00f4ng b\u00e1o tr\u01b0\u1edbc 10 ng\u00e0y k\u1ec3 t\u1eeb ng\u00e0y check-in.<br>\u2013 Tr\u01b0\u1eddng h\u1ee3p \u0111\u1ed5i sang ng\u00e0y kh\u00e1c ch\u1ec9 c\u00f3 th\u1ec3 \u0111\u1ed5i 1 l\u1ea7n duy nh\u1ea5t tr\u00ean 1 l\u1ea7n \u0111\u1eb7t ph\u00f2ng v\u00e0o ng\u00e0y<br>ch\u01b0a c\u00f3 kh\u00e1ch kh\u00e1c \u0111\u1eb7t.<\/p>\n<\/div>\n\n\n\n<div class=\"gb-tabs__item gb-tabs__item-b348d707\" id=\"gb-tab-item-b348d707\">\n<p>Qu\u00fd kh\u00e1ch vui l\u00f2ng xu\u1ea5t tr\u00ecnh h\u1ed9 chi\u1ebfu, gi\u1ea5y ch\u1ee9ng minh nh\u00e2n d\u00e2n, b\u1eb1ng l\u00e1i xe tr\u01b0\u1edbc khi nh\u1eadn<br>ph\u00f2ng.<\/p>\n\n\n\n<p>Qu\u00fd kh\u00e1ch kh\u00f4ng \u0111\u01b0\u1ee3c \u0111em c\u00e1c lo\u1ea1i v\u0169 kh\u00ed v\u1eadt li\u1ec7u n\u1ed5, ch\u1ea5t d\u1ec3 ch\u00e1y, ma t\u00fay, c\u00e1c th\u1ef1c ph\u1ea9m<br>c\u00f3 m\u00f9i v\u00e0o ph\u00f2ng ng\u1ee7. Kh\u00f4ng h\u00fat thu\u1ed1c trong ph\u00f2ng.<\/p>\n\n\n\n<p>Kh\u00f4ng \u0111\u01b0\u1ee3c \u0111\u01b0a g\u00e1i m\u1ea1i d\u00e2m, t\u1ed5 ch\u1ee9c \u0111\u00e1nh b\u1ea1c, s\u1eed d\u1ee5ng ma t\u00fay, n\u1ebfu vi ph\u1ea1m s\u1ebd t\u1ef1 ch\u1ecbu tr\u00e1ch<br>nhi\u1ec7m tr\u01b0\u1edbc ph\u00e1p lu\u1eadt.<\/p>\n\n\n\n<p>Xin qu\u00fd kh\u00e1ch kh\u00f4ng thay \u0111\u1ed5i v\u1ecb tr\u00ed, di chuy\u1ec3n t\u00e0i s\u1ea3n, \u0111\u1ed3 \u0111\u1ea1c c\u1ee7a homestay t\u1eeb ph\u00f2ng n\u00e0y sang<br>ph\u00f2ng kh\u00e1c. N\u1ebfu qu\u00fd kh\u00e1ch l\u00e0m v\u1ee1, m\u1ea5t, h\u1ecfng t\u00e0i s\u1ea3n th\u00ec ph\u1ea3i b\u1ed3i th\u01b0\u1eddng theo th\u1eddi gi\u00e1 hi\u1ec7n<br>h\u00e0nh.<\/p>\n\n\n\n<p>Qu\u00fd kh\u00e1ch t\u1ef1 qu\u1ea3n l\u00fd t\u00e0i s\u1ea3n c\u1ee7a m\u00ecnh trong qu\u00e1 tr\u00ecnh l\u01b0u tr\u00fa.<\/p>\n\n\n\n<p>Qu\u00fd kh\u00e1ch c\u00f3 tr\u00e1ch nhi\u1ec7m b\u1ea3o ban v\u00e0 t\u1ef1 tr\u00f4ng nom tr\u1ebb em \u0111i c\u00f9ng \u0111\u1ec3 \u0111\u1ea3m b\u1ea3o an to\u00e0n v\u00e0<br>tr\u00e1nh nh\u1eefng tai n\u1ea1n \u0111\u00e1ng ti\u1ebfc c\u00f3 th\u1ec3 x\u1ea3y ra.<\/p>\n\n\n\n<p>N\u1ebfu Qu\u00fd kh\u00e1ch ph\u00e1t hi\u1ec7n c\u00f3 hi\u1ec7n t\u01b0\u1ee3ng ch\u00e1y trong homestay, xin kh\u1ea9n tr\u01b0\u01a1ng t\u00ecm c\u00e1ch th\u00f4ng<br>b\u00e1o cho ng\u01b0\u1eddi \u1edf khu v\u1ef1c g\u1ea7n nh\u1ea5t v\u00e0 b\u00ecnh tinh l\u00e0m theo ch\u1ec9 d\u1eabn ph\u00f2ng ch\u1ed1ng ch\u00e1y n\u1ed5.<\/p>\n\n\n\n<p>Kh\u00f4ng b\u1eadt nh\u1ea1c to sau 22h00. D\u1eebng c\u00e1c ho\u1ea1t \u0111\u1ed9ng l\u00e0m \u1ea3nh h\u01b0\u1edfng t\u1edbi c\u00e1c khu v\u1ef1c xung quanh<br>sau 23h.<\/p>\n\n\n\n<p>Th\u1eddi gian nh\u1eadn ph\u00f2ng l\u00e0 14h chi\u1ec1u v\u00e0 tr\u1ea3 ph\u00f2ng l\u00e0 12h tr\u01b0a h\u00f4m sau. Ph\u1ee5 ph\u00ed tr\u1ea3 ph\u00f2ng mu\u1ed9n ho\u1eb7c nh\u1eadn ph\u00f2ng s\u1edbm l\u00e0 200.000vnd\/gi\u1edd. Trong tr\u01b0\u1eddng h\u1ee3p c\u1ea7n nh\u1eadn ph\u00f2ng s\u1edbm ho\u1eb7c tr\u1ea3 ph\u00f2ng mu\u1ed9n, xin vui l\u00f2ng li\u00ean h\u1ec7 tr\u01b0\u1edbc qua hotline: 090.201.2926 \u2013 083.601.2626<\/p>\n\n\n\n<p>Tr\u01b0\u1edbc khi r\u1eddi kh\u1ecfi Homestay, Qu\u00fd kh\u00e1ch vui l\u00f2ng thanh to\u00e1n to\u00e0n b\u1ed9 c\u00e1c ho\u00e1 \u0111\u01a1n v\u00e0 tr\u1ea3 l\u1ea1i<br>ch\u00eca kho\u00e1 ph\u00f2ng.<\/p>\n\n\n\n<p>B\u1ecf r\u00e1c \u0111\u00fang n\u01a1i quy \u0111\u1ecbnh.<\/p>\n\n\n\n<p>Qu\u00fd kh\u00e1ch vui l\u00f2ng ki\u1ec3m tra l\u1ea1i h\u00e0nh l\u00fd, tr\u01b0\u1edbc khi r\u1eddi kh\u1ecfi homestay, Montana kh\u00f4ng ch\u1ecbu tr\u00e1ch nhi\u1ec7m trong tr\u01b0\u1eddng h\u1ee3p qu\u00fd kh\u00e1ch m\u1ea5t \u0111\u1ed3 do \u0111\u1ec3 qu\u00ean.<\/p>\n\n\n\n<p>Montana kh\u00f4ng ch\u1ea5p nh\u1eadn kh\u00e1ch mang b\u1ea5t k\u1ef3 v\u1eadt nu\u00f4i n\u00e0o v\u00e0o khu\u00f4n vi\u00ean c\u1ee7a khu ngh\u1ec9 d\u01b0\u1ee1ng, trong tr\u01b0\u1eddng h\u1ee3p trong \u0111o\u00e0n c\u00f3 ng\u01b0\u1eddi kh\u00f4ng bi\u1ebft \u0111\u1ebfn quy \u0111\u1ecbnh n\u00e0y v\u00e0 v\u1eabn mang v\u1eadt nu\u00f4i theo, nh\u00e2n vi\u00ean Montana c\u00f3 quy\u1ec1n t\u1eeb ch\u1ed1i m\u1edf c\u1eeda cho \u0111o\u00e0n v\u00e0 s\u1ebd kh\u00f4ng ho\u00e0n tr\u1ea3 ti\u1ec1n ph\u00f2ng.<\/p>\n<\/div>\n<\/div>\n<\/div>\n<\/div>\n\n\n\n<div style=\"height:100px\" aria-hidden=\"true\" class=\"wp-block-spacer\"><\/div>\n\n\n\n<h2 class=\"gb-text gb-text-afb3231f\">Th\u01b0 Vi\u1ec7n H\u00ecnh \u1ea2nh v\u00e0 Video<\/h2>\n\n\n\n<div style=\"height:100px\" aria-hidden=\"true\" class=\"wp-block-spacer\"><\/div>\n\n\n\n<div>\n<h2 class=\"gb-text gb-text-ae483c48\">House trailer<\/h2>\n\n\n\n<figure class=\"wp-block-embed is-type-video is-provider-youtube wp-block-embed-youtube wp-embed-aspect-16-9 wp-has-aspect-ratio\"><div class=\"wp-block-embed__wrapper\">\n<iframe loading=\"lazy\" title=\"Villa de Montana - Villa Flamenco - Homestay Ba V\u00ec tuy\u1ec7t \u0111\u1eb9p!\" width=\"1200\" height=\"675\" src=\"https:\/\/www.youtube.com\/embed\/ENXhq2jZkCI?feature=oembed\" frameborder=\"0\" allow=\"accelerometer; autoplay; clipboard-write; encrypted-media; gyroscope; picture-in-picture; web-share\" referrerpolicy=\"strict-origin-when-cross-origin\" allowfullscreen><\/iframe>\n<\/div><\/figure>\n\n\n\n<figure class=\"wp-block-embed is-type-video is-provider-youtube wp-block-embed-youtube wp-embed-aspect-16-9 wp-has-aspect-ratio\"><div class=\"wp-block-embed__wrapper\">\n<iframe loading=\"lazy\" title=\"Villa de Montana - Nh\u00e0 Nh\u1ecf Colina - Homestay Ba V\u00ec tuy\u1ec7t \u0111\u1eb9p!\" width=\"1200\" height=\"675\" src=\"https:\/\/www.youtube.com\/embed\/AnD9PRLQgv4?start=9&#038;feature=oembed\" frameborder=\"0\" allow=\"accelerometer; autoplay; clipboard-write; encrypted-media; gyroscope; picture-in-picture; web-share\" referrerpolicy=\"strict-origin-when-cross-origin\" allowfullscreen><\/iframe>\n<\/div><\/figure>\n\n\n\n<figure class=\"wp-block-embed is-type-video is-provider-youtube wp-block-embed-youtube wp-embed-aspect-16-9 wp-has-aspect-ratio\"><div class=\"wp-block-embed__wrapper\">\n<iframe loading=\"lazy\" title=\"Villa de Montana - Nh\u00e0 nh\u1ecf Flora - Homestay Ba V\u00ec tuy\u1ec7t \u0111\u1eb9p!\" width=\"1200\" height=\"675\" src=\"https:\/\/www.youtube.com\/embed\/6XyLcHzAWzk?feature=oembed\" frameborder=\"0\" allow=\"accelerometer; autoplay; clipboard-write; encrypted-media; gyroscope; picture-in-picture; web-share\" referrerpolicy=\"strict-origin-when-cross-origin\" allowfullscreen><\/iframe>\n<\/div><\/figure>\n\n\n\n<figure class=\"wp-block-embed is-type-video is-provider-youtube wp-block-embed-youtube wp-embed-aspect-16-9 wp-has-aspect-ratio\"><div class=\"wp-block-embed__wrapper\">\n<iframe loading=\"lazy\" title=\"Villa de Montana - Nh\u00e0 nh\u1ecf Lagoon - Homestay Ba V\u00ec tuy\u1ec7t \u0111\u1eb9p.\" width=\"1200\" height=\"675\" src=\"https:\/\/www.youtube.com\/embed\/7vDs_5rcXcI?feature=oembed\" frameborder=\"0\" allow=\"accelerometer; autoplay; clipboard-write; encrypted-media; gyroscope; picture-in-picture; web-share\" referrerpolicy=\"strict-origin-when-cross-origin\" allowfullscreen><\/iframe>\n<\/div><\/figure>\n<\/div>\n","protected":false},"excerpt":{"rendered":"<p>Homestay Ba V\u00ec Tuy\u1ec7t \u0110\u1eb9p! \u0110\u1ebfn Ba V\u00ec, l\u1ef1a ch\u1ecdn Villa de Montana \u0111\u1ec3 chuy\u1ebfn \u0111i th\u00eam tr\u1ecdn v\u1eb9n b\u1ea1n&nbsp;nh\u00e9! V\u1ec0 MONTANA Villa de Montana n\u1eb1m t\u1ea1i&nbsp;Th\u00f4n B\u00e0i, x\u00e3 Y\u00ean B\u00e0i, huy\u1ec7n Ba V\u00ec, \u0111\u01b0\u1ee3c x\u00e2y d\u1ef1ng theo l\u1ed1i ki\u1ebfn tr\u00fac m\u1edf, \u0111em c\u1ea3 thi\u00ean nhi\u00ean Ba V\u00ec trong l\u00e0nh v\u00e0o t\u1eebng c\u0103n ph\u00f2ng.Montana bao &#8230; <a title=\"Villa de montana Ba V\u00ec\" class=\"read-more\" href=\"https:\/\/travelinks.vn\/new\/nghi-duong-tai-ha-noi\/villa-de-montana-ba-vi\/\" aria-label=\"Read more about Villa de montana Ba V\u00ec\">Read more<\/a><\/p>\n","protected":false},"author":1,"featured_media":0,"parent":64,"menu_order":0,"comment_status":"closed","ping_status":"closed","template":"","meta":{"apbe_headline":"","apbe_seo_keywords":"","apbe_slug":"","apbe_summary":"","apbe_social":"","footnotes":""},"class_list":["post-163","page","type-page","status-publish"],"_links":{"self":[{"href":"https:\/\/travelinks.vn\/new\/wp-json\/wp\/v2\/pages\/163","targetHints":{"allow":["GET"]}}],"collection":[{"href":"https:\/\/travelinks.vn\/new\/wp-json\/wp\/v2\/pages"}],"about":[{"href":"https:\/\/travelinks.vn\/new\/wp-json\/wp\/v2\/types\/page"}],"author":[{"embeddable":true,"href":"https:\/\/travelinks.vn\/new\/wp-json\/wp\/v2\/users\/1"}],"replies":[{"embeddable":true,"href":"https:\/\/travelinks.vn\/new\/wp-json\/wp\/v2\/comments?post=163"}],"version-history":[{"count":3,"href":"https:\/\/travelinks.vn\/new\/wp-json\/wp\/v2\/pages\/163\/revisions"}],"predecessor-version":[{"id":245,"href":"https:\/\/travelinks.vn\/new\/wp-json\/wp\/v2\/pages\/163\/revisions\/245"}],"up":[{"embeddable":true,"href":"https:\/\/travelinks.vn\/new\/wp-json\/wp\/v2\/pages\/64"}],"wp:attachment":[{"href":"https:\/\/travelinks.vn\/new\/wp-json\/wp\/v2\/media?parent=163"}],"curies":[{"name":"wp","href":"https:\/\/api.w.org\/{rel}","templated":true}]}}