{"id":173,"date":"2025-10-16T07:25:26","date_gmt":"2025-10-16T07:25:26","guid":{"rendered":"https:\/\/travelinks.vn\/new\/?page_id=173"},"modified":"2025-12-17T14:04:09","modified_gmt":"2025-12-17T07:04:09","slug":"nha-nho-flora","status":"publish","type":"page","link":"https:\/\/travelinks.vn\/new\/nghi-duong-tai-ha-noi\/villa-de-montana-ba-vi\/nha-nho-flora\/","title":{"rendered":"Nh\u00e0 nh\u1ecf Flora"},"content":{"rendered":"\n<h1 class=\"gb-text gb-text-388868ce\">Nh\u00e0 nh\u1ecf Flora<\/h1>\n\n\n\n<div class=\"gb-element-1fb16663\">\n<img decoding=\"async\" class=\"gb-media-2febb29d\" alt=\"\" title=\"DSC_7834\" src=\"https:\/\/drive.google.com\/thumbnail?id=1jU7tlSH6b_TLlvDSljya_lRwqjjQ856u&#038;sz=w2048\"\/>\n\n\n\n<div>\n<h2 class=\"gb-text\">Ti\u1ec7n \u00edch t\u1ea1i Flora:<\/h2>\n\n\n\n<ul class=\"wp-block-list\">\n<li>03 ph\u00f2ng ng\u1ee7: Gi\u01b0\u1eddng \u0111\u01a1n &#8211; Gi\u01b0\u1eddng \u0111\u00f4i.<\/li>\n\n\n\n<li>01 B\u1ec3 b\u01a1i chung.<\/li>\n\n\n\n<li>01 Ph\u00f2ng kh\u00e1ch c\u00f3 tivi, \u0111i\u1ec1u ho\u00e0 2 chi\u1ec1u.<\/li>\n\n\n\n<li>01 b\u1ebfp trong nh\u00e0: t\u1ee7 l\u1ea1nh, b\u1ebfp t\u1eeb, n\u1ed3i, b\u00e1t \u0111\u0169a, c\u1ed1c ch\u00e9n.<\/li>\n\n\n\n<li>01 b\u1ebfp n\u01b0\u1edbng BBQ ngo\u00e0i tr\u1eddi + b\u00e0n gh\u1ebf ngo\u00e0i tr\u1eddi.<\/li>\n\n\n\n<li>03 nh\u00e0 v\u1ec7 sinh.<\/li>\n<\/ul>\n<\/div>\n<\/div>\n\n\n\n<div>\n<h2 class=\"gb-text gb-text-ef74d3a7\">Ti\u00eau chu\u1ea9n l\u01b0u tr\u00fa:<\/h2>\n\n\n\n<p class=\"gb-text gb-text-6a502f26\">Villa l\u01b0u tr\u00fa ti\u00eau chu\u1ea9n 06 ng\u01b0\u1eddi, t\u1ed1i \u0111a 10 ng\u01b0\u1eddi bao g\u1ed3m c\u1ea3 tr\u1ebb em.<\/p>\n<\/div>\n\n\n\n<h2 class=\"gb-text gb-text-a461d6fb\">H\u00ecnh \u1ea3nh Nh\u00e0 nh\u1ecf Flora<\/h2>\n\n\n\n<figure class=\"wp-block-gallery has-nested-images columns-default is-cropped wp-block-gallery-1 is-layout-flex wp-block-gallery-is-layout-flex\">\n<figure class=\"wp-block-image size-full\"><img decoding=\"async\" data-id=\"1029\" src=\"https:\/\/drive.google.com\/thumbnail?id=15X3jNwm701oFG4dGxJ25aM0_Sl1K06Lf&amp;sz=w2048\" alt=\"\" class=\"wp-image-1029\"\/><\/figure>\n\n\n\n<figure class=\"wp-block-image size-large\"><img decoding=\"async\" data-id=\"1048\" src=\"https:\/\/drive.google.com\/thumbnail?id=1jU7tlSH6b_TLlvDSljya_lRwqjjQ856u&amp;sz=w256-h256\" alt=\"\" class=\"wp-image-1048\"\/><\/figure>\n\n\n\n<figure class=\"wp-block-image size-large\"><img decoding=\"async\" data-id=\"1044\" src=\"https:\/\/drive.google.com\/thumbnail?id=1mv-xV5zTwtN5lAJWiuP-Xia-KY4GCJxv&amp;sz=w256-h256\" alt=\"\" class=\"wp-image-1044\"\/><\/figure>\n\n\n\n<figure class=\"wp-block-image size-large\"><img decoding=\"async\" data-id=\"1042\" src=\"https:\/\/drive.google.com\/thumbnail?id=1ULG1NTbbnPGW4ZtruhZOK74r3t1Gfo0a&amp;sz=w256-h256\" alt=\"\" class=\"wp-image-1042\"\/><\/figure>\n\n\n\n<figure class=\"wp-block-image size-large\"><img decoding=\"async\" data-id=\"1041\" src=\"https:\/\/drive.google.com\/thumbnail?id=1OqVec1QvEzeM2-HO5G1scutYSUO3kRmm&amp;sz=w256-h256\" alt=\"\" class=\"wp-image-1041\"\/><\/figure>\n\n\n\n<figure class=\"wp-block-image size-large\"><img decoding=\"async\" data-id=\"1039\" src=\"https:\/\/drive.google.com\/thumbnail?id=1ttNCvrfvG7d4z8GGUkdJ7-mO5cysTDfF&amp;sz=w256-h256\" alt=\"\" class=\"wp-image-1039\"\/><\/figure>\n\n\n\n<figure class=\"wp-block-image size-large\"><img decoding=\"async\" data-id=\"1038\" src=\"https:\/\/drive.google.com\/thumbnail?id=1pnOnwxbC4YRj9O6DC0Eplr4WRkfiL-1I&amp;sz=w256-h256\" alt=\"\" class=\"wp-image-1038\"\/><\/figure>\n\n\n\n<figure class=\"wp-block-image size-large\"><img decoding=\"async\" data-id=\"1037\" src=\"https:\/\/drive.google.com\/thumbnail?id=1KCTqUAm1Njp_7lv1wVmsDC5DAwzogenD&amp;sz=w256-h256\" alt=\"\" class=\"wp-image-1037\"\/><\/figure>\n\n\n\n<figure class=\"wp-block-image size-large\"><img decoding=\"async\" data-id=\"1046\" src=\"https:\/\/drive.google.com\/thumbnail?id=1YiTi45j3m9Vzy2FihyTHP8Af9rMNzFhj&amp;sz=w256-h256\" alt=\"\" class=\"wp-image-1046\"\/><\/figure>\n\n\n\n<figure class=\"wp-block-image size-large\"><img decoding=\"async\" data-id=\"1030\" src=\"https:\/\/drive.google.com\/thumbnail?id=1fi6qPVw6X08keRv_kP-u6IWmMM5ttk1f&amp;sz=w256-h256\" alt=\"\" class=\"wp-image-1030\"\/><\/figure>\n\n\n\n<figure class=\"wp-block-image size-large\"><img decoding=\"async\" data-id=\"1034\" src=\"https:\/\/drive.google.com\/thumbnail?id=1JAM1liiKJZqFhlR6iPx5Ob4yuQUyxEkb&amp;sz=w256-h256\" alt=\"\" class=\"wp-image-1034\"\/><\/figure>\n\n\n\n<figure class=\"wp-block-image size-large\"><img decoding=\"async\" data-id=\"1036\" src=\"https:\/\/drive.google.com\/thumbnail?id=1uW8NoYAhevIu1FbhBE5VleAqMC-4Tad5&amp;sz=w256-h256\" alt=\"\" class=\"wp-image-1036\"\/><\/figure>\n<\/figure>\n\n\n\n<div>\n<h2 class=\"gb-text gb-text-c31a4184\">House trailer<\/h2>\n\n\n\n<figure class=\"wp-block-embed is-type-video is-provider-youtube wp-block-embed-youtube wp-embed-aspect-16-9 wp-has-aspect-ratio\"><div class=\"wp-block-embed__wrapper\">\n<iframe loading=\"lazy\" title=\"Villa de Montana - Nh\u00e0 nh\u1ecf Flora - Homestay Ba V\u00ec tuy\u1ec7t \u0111\u1eb9p!\" width=\"1200\" height=\"675\" src=\"https:\/\/www.youtube.com\/embed\/6XyLcHzAWzk?feature=oembed\" frameborder=\"0\" allow=\"accelerometer; autoplay; clipboard-write; encrypted-media; gyroscope; picture-in-picture; web-share\" referrerpolicy=\"strict-origin-when-cross-origin\" allowfullscreen><\/iframe>\n<\/div><\/figure>\n<\/div>\n\n\n\n<div>\n<h2 class=\"gb-text gb-text-0916301c\">Ready for your stay?<\/h2>\n\n\n\n<div class=\"wp-block-group is-content-justification-center is-nowrap is-layout-flex wp-container-core-group-is-layout-94bc23d7 wp-block-group-is-layout-flex\">\n<div>\n<a class=\"gb-text-8d3f8c41\" href=\"https:\/\/www.facebook.com\/VilladeMontanaBV\" target=\"_blank\" rel=\"noopener\"><span class=\"gb-shape\"><svg aria-hidden=\"true\" role=\"img\" height=\"1em\" width=\"1em\" viewBox=\"0 0 512 512\" xmlns=\"http:\/\/www.w3.org\/2000\/svg\"><path fill=\"currentColor\" d=\"M504 256C504 119 393 8 256 8S8 119 8 256c0 123.78 90.69 226.38 209.25 245V327.69h-63V256h63v-54.64c0-62.15 37-96.48 93.67-96.48 27.14 0 55.52 4.84 55.52 4.84v61h-31.28c-30.8 0-40.41 19.12-40.41 38.73V256h68.78l-11 71.69h-57.78V501C413.31 482.38 504 379.78 504 256z\"><\/path><\/svg><\/span><span class=\"gb-text\">Kh\u00e1m Ph\u00e1 Ngay!<\/span><\/a>\n<\/div>\n<\/div>\n\n\n\n<h2 class=\"gb-text gb-text-1b3b22fb\"><a href=\"https:\/\/travelinks.vn\/chuong-trinh-tour\/\">&gt;&gt;&gt; C\u00e1c s\u1ea3n ph\u1ea9m kh\u00e1c t\u1eeb Travelink &lt;&lt;&lt;<\/a><\/h2>\n<\/div>\n","protected":false},"excerpt":{"rendered":"<p>Nh\u00e0 nh\u1ecf Flora Ti\u1ec7n \u00edch t\u1ea1i Flora: Ti\u00eau chu\u1ea9n l\u01b0u tr\u00fa: Villa l\u01b0u tr\u00fa ti\u00eau chu\u1ea9n 06 ng\u01b0\u1eddi, t\u1ed1i \u0111a 10 ng\u01b0\u1eddi bao g\u1ed3m c\u1ea3 tr\u1ebb em. H\u00ecnh \u1ea3nh Nh\u00e0 nh\u1ecf Flora House trailer Ready for your stay? Kh\u00e1m Ph\u00e1 Ngay! &gt;&gt;&gt; C\u00e1c s\u1ea3n ph\u1ea9m kh\u00e1c t\u1eeb Travelink &lt;&lt;&lt;<\/p>\n","protected":false},"author":1,"featured_media":0,"parent":163,"menu_order":0,"comment_status":"closed","ping_status":"closed","template":"","meta":{"apbe_headline":"","apbe_seo_keywords":"","apbe_slug":"","apbe_summary":"","apbe_social":"","footnotes":""},"class_list":["post-173","page","type-page","status-publish"],"_links":{"self":[{"href":"https:\/\/travelinks.vn\/new\/wp-json\/wp\/v2\/pages\/173","targetHints":{"allow":["GET"]}}],"collection":[{"href":"https:\/\/travelinks.vn\/new\/wp-json\/wp\/v2\/pages"}],"about":[{"href":"https:\/\/travelinks.vn\/new\/wp-json\/wp\/v2\/types\/page"}],"author":[{"embeddable":true,"href":"https:\/\/travelinks.vn\/new\/wp-json\/wp\/v2\/users\/1"}],"replies":[{"embeddable":true,"href":"https:\/\/travelinks.vn\/new\/wp-json\/wp\/v2\/comments?post=173"}],"version-history":[{"count":2,"href":"https:\/\/travelinks.vn\/new\/wp-json\/wp\/v2\/pages\/173\/revisions"}],"predecessor-version":[{"id":1049,"href":"https:\/\/travelinks.vn\/new\/wp-json\/wp\/v2\/pages\/173\/revisions\/1049"}],"up":[{"embeddable":true,"href":"https:\/\/travelinks.vn\/new\/wp-json\/wp\/v2\/pages\/163"}],"wp:attachment":[{"href":"https:\/\/travelinks.vn\/new\/wp-json\/wp\/v2\/media?parent=173"}],"curies":[{"name":"wp","href":"https:\/\/api.w.org\/{rel}","templated":true}]}}