{"id":64,"date":"2025-10-13T08:27:56","date_gmt":"2025-10-13T08:27:56","guid":{"rendered":"https:\/\/travelinks.vn\/new\/?page_id=64"},"modified":"2025-10-13T09:19:52","modified_gmt":"2025-10-13T09:19:52","slug":"nghi-duong-tai-ha-noi","status":"publish","type":"page","link":"https:\/\/travelinks.vn\/new\/nghi-duong-tai-ha-noi\/","title":{"rendered":"Ngh\u1ec9 d\u01b0\u1ee1ng t\u1ea1i H\u00e0 N\u1ed9i"},"content":{"rendered":"\n<h1 class=\"gb-text gb-text-22c25cb4\">Villa Ngh\u1ec9 D\u01b0\u1ee1ng Ngay T\u1ea1i H\u00e0 N\u1ed9i<\/h1>\n\n\n\n<p class=\"gb-text gb-text-3d20d5d7\">Th\u01b0 gi\u00e3n gi\u1eefa thi\u00ean nhi\u00ean m\u00e0 kh\u00f4ng c\u1ea7n r\u1eddi xa H\u00e0 N\u1ed9i! <strong>Travelink<\/strong> gi\u1edbi thi\u1ec7u hai \u0111i\u1ec3m ngh\u1ec9 d\u01b0\u1ee1ng n\u1ed5i b\u1eadt: <strong>Villa de Montana Ba V\u00ec<\/strong> \u2013 \u1ea9n m\u00ecnh gi\u1eefa r\u1eebng th\u00f4ng m\u00e1t l\u00e0nh, v\u1edbi h\u1ed3 b\u01a1i v\u00f4 c\u1ef1c v\u00e0 view n\u00fai h\u00f9ng v\u0129; c\u00f9ng <strong>Villa \u0110\u1ed3ng \u0110\u00f2<\/strong> \u2013 n\u1eb1m b\u00ean h\u1ed3 y\u00ean b\u00ecnh, l\u00fd t\u01b0\u1edfng cho nh\u00f3m b\u1ea1n, gia \u0111\u00ecnh hay ti\u1ec7c ngo\u00e0i tr\u1eddi.<br>T\u1eadn h\u01b0\u1edfng kh\u00f4ng gian ri\u00eang t\u01b0, d\u1ecbch v\u1ee5 cao c\u1ea5p v\u00e0 kh\u00f4ng kh\u00ed trong l\u00e0nh \u2013 <strong>Travelink<\/strong> mang \u0111\u1ebfn cho b\u1ea1n k\u1ef3 ngh\u1ec9 ho\u00e0n h\u1ea3o ch\u1ec9 c\u00e1ch trung t\u00e2m H\u00e0 N\u1ed9i m\u1ed9t gi\u1edd l\u00e1i xe!<\/p>\n\n\n\n<div class=\"gb-element-b4d4f86d\">\n<div class=\"gb-element-4e8b43ef\">\n<h1 class=\"gb-text gb-text-1c8c8f63\"><strong>Villa de Montana<\/strong>   <strong>Ba V\u00ec<\/strong><\/h1>\n<\/div>\n\n\n\n<div class=\"gb-element-f63f624a\">\n<h1 class=\"gb-text gb-text-ab514f00\"><strong>Villa de Montana<\/strong> <strong>\u0110\u1ed3ng \u0110\u00f2<\/strong><\/h1>\n<\/div>\n<\/div>\n\n\n\n<div style=\"height:100px\" aria-hidden=\"true\" class=\"wp-block-spacer\"><\/div>\n\n\n\n<p>end piece<\/p>\n","protected":false},"excerpt":{"rendered":"<p>Villa Ngh\u1ec9 D\u01b0\u1ee1ng Ngay T\u1ea1i H\u00e0 N\u1ed9i Th\u01b0 gi\u00e3n gi\u1eefa thi\u00ean nhi\u00ean m\u00e0 kh\u00f4ng c\u1ea7n r\u1eddi xa H\u00e0 N\u1ed9i! Travelink gi\u1edbi thi\u1ec7u hai \u0111i\u1ec3m ngh\u1ec9 d\u01b0\u1ee1ng n\u1ed5i b\u1eadt: Villa de Montana Ba V\u00ec \u2013 \u1ea9n m\u00ecnh gi\u1eefa r\u1eebng th\u00f4ng m\u00e1t l\u00e0nh, v\u1edbi h\u1ed3 b\u01a1i v\u00f4 c\u1ef1c v\u00e0 view n\u00fai h\u00f9ng v\u0129; c\u00f9ng Villa \u0110\u1ed3ng \u0110\u00f2 &#8230; <a title=\"Ngh\u1ec9 d\u01b0\u1ee1ng t\u1ea1i H\u00e0 N\u1ed9i\" class=\"read-more\" href=\"https:\/\/travelinks.vn\/new\/nghi-duong-tai-ha-noi\/\" aria-label=\"Read more about Ngh\u1ec9 d\u01b0\u1ee1ng t\u1ea1i H\u00e0 N\u1ed9i\">Read more<\/a><\/p>\n","protected":false},"author":1,"featured_media":0,"parent":0,"menu_order":0,"comment_status":"closed","ping_status":"closed","template":"","meta":{"apbe_headline":"","apbe_seo_keywords":"","apbe_slug":"","apbe_summary":"","apbe_social":"","footnotes":""},"class_list":["post-64","page","type-page","status-publish"],"_links":{"self":[{"href":"https:\/\/travelinks.vn\/new\/wp-json\/wp\/v2\/pages\/64","targetHints":{"allow":["GET"]}}],"collection":[{"href":"https:\/\/travelinks.vn\/new\/wp-json\/wp\/v2\/pages"}],"about":[{"href":"https:\/\/travelinks.vn\/new\/wp-json\/wp\/v2\/types\/page"}],"author":[{"embeddable":true,"href":"https:\/\/travelinks.vn\/new\/wp-json\/wp\/v2\/users\/1"}],"replies":[{"embeddable":true,"href":"https:\/\/travelinks.vn\/new\/wp-json\/wp\/v2\/comments?post=64"}],"version-history":[{"count":3,"href":"https:\/\/travelinks.vn\/new\/wp-json\/wp\/v2\/pages\/64\/revisions"}],"predecessor-version":[{"id":71,"href":"https:\/\/travelinks.vn\/new\/wp-json\/wp\/v2\/pages\/64\/revisions\/71"}],"wp:attachment":[{"href":"https:\/\/travelinks.vn\/new\/wp-json\/wp\/v2\/media?parent=64"}],"curies":[{"name":"wp","href":"https:\/\/api.w.org\/{rel}","templated":true}]}}